{"id":802,"date":"2022-11-17T15:02:35","date_gmt":"2022-11-17T14:02:35","guid":{"rendered":"https:\/\/www.auto-gazda.pl\/skoda\/?page_id=802"},"modified":"2023-02-09T10:26:06","modified_gmt":"2023-02-09T09:26:06","slug":"skoda-enyaq-coupe-iv","status":"publish","type":"page","link":"https:\/\/www.auto-gazda.pl\/skoda\/lp\/skoda-enyaq-coupe-iv\/","title":{"rendered":"Enyaq coupe iV"},"content":{"rendered":"<h1 style=\"text-align: center;\">\u0160KODA ENYAQ COUP\u00c9 iV<\/h1>\n<p style=\"text-align: center;\">\u0160KODA ENYAQ COUP\u00c9 iV oferuje ponadczasow\u0105, eleganck\u0105 stylistyk\u0119 z g\u0142adkimi liniami, reflektory b\u0119d\u0105ce znakiem rozpoznawczym modelu, a tak\u017ce sportow\u0105 sylwetk\u0119 charakterystyczn\u0105 dla nadwozia coup\u00e9.<\/p>\n<p>&nbsp;<\/p>\n","protected":false},"excerpt":{"rendered":"<p>\u0160KODA ENYAQ COUP\u00c9 iV \u0160KODA ENYAQ COUP\u00c9 iV oferuje ponadczasow\u0105, eleganck\u0105 stylistyk\u0119 z g\u0142adkimi liniami, reflektory b\u0119d\u0105ce znakiem rozpoznawczym modelu, a tak\u017ce sportow\u0105 sylwetk\u0119 charakterystyczn\u0105 dla nadwozia coup\u00e9. &nbsp;<\/p>\n","protected":false},"author":3,"featured_media":804,"parent":522,"menu_order":4,"comment_status":"closed","ping_status":"closed","template":"","meta":{"_acf_changed":false,"footnotes":""},"class_list":["post-802","page","type-page","status-publish","has-post-thumbnail","hentry"],"acf":[],"_links":{"self":[{"href":"https:\/\/www.auto-gazda.pl\/skoda\/wp-json\/wp\/v2\/pages\/802","targetHints":{"allow":["GET"]}}],"collection":[{"href":"https:\/\/www.auto-gazda.pl\/skoda\/wp-json\/wp\/v2\/pages"}],"about":[{"href":"https:\/\/www.auto-gazda.pl\/skoda\/wp-json\/wp\/v2\/types\/page"}],"author":[{"embeddable":true,"href":"https:\/\/www.auto-gazda.pl\/skoda\/wp-json\/wp\/v2\/users\/3"}],"replies":[{"embeddable":true,"href":"https:\/\/www.auto-gazda.pl\/skoda\/wp-json\/wp\/v2\/comments?post=802"}],"version-history":[{"count":0,"href":"https:\/\/www.auto-gazda.pl\/skoda\/wp-json\/wp\/v2\/pages\/802\/revisions"}],"up":[{"embeddable":true,"href":"https:\/\/www.auto-gazda.pl\/skoda\/wp-json\/wp\/v2\/pages\/522"}],"wp:featuredmedia":[{"embeddable":true,"href":"https:\/\/www.auto-gazda.pl\/skoda\/wp-json\/wp\/v2\/media\/804"}],"wp:attachment":[{"href":"https:\/\/www.auto-gazda.pl\/skoda\/wp-json\/wp\/v2\/media?parent=802"}],"curies":[{"name":"wp","href":"https:\/\/api.w.org\/{rel}","templated":true}]}}