{"id":674,"date":"2022-11-08T11:07:47","date_gmt":"2022-11-08T10:07:47","guid":{"rendered":"https:\/\/www.auto-gazda.pl\/skoda\/?page_id=674"},"modified":"2023-02-09T10:26:39","modified_gmt":"2023-02-09T09:26:39","slug":"skoda-karoq","status":"publish","type":"page","link":"https:\/\/www.auto-gazda.pl\/skoda\/lp\/skoda-karoq\/","title":{"rendered":"Karoq"},"content":{"rendered":"<h1 style=\"text-align: center;\">\u0160KODA KAROQ<\/h1>\n<p style=\"text-align: center;\">Nowa \u0160koda Karoq zachwyci Ci\u0119 swoim solidnym wygl\u0105dem, przeprojektowanym grillem i wyrazistymi reflektorami.<\/p>\n<p>&nbsp;<\/p>\n","protected":false},"excerpt":{"rendered":"<p>\u0160KODA KAROQ Nowa \u0160koda Karoq zachwyci Ci\u0119 swoim solidnym wygl\u0105dem, przeprojektowanym grillem i wyrazistymi reflektorami. &nbsp;<\/p>\n","protected":false},"author":3,"featured_media":736,"parent":522,"menu_order":12,"comment_status":"closed","ping_status":"closed","template":"","meta":{"_acf_changed":false,"footnotes":""},"class_list":["post-674","page","type-page","status-publish","has-post-thumbnail","hentry"],"acf":[],"_links":{"self":[{"href":"https:\/\/www.auto-gazda.pl\/skoda\/wp-json\/wp\/v2\/pages\/674","targetHints":{"allow":["GET"]}}],"collection":[{"href":"https:\/\/www.auto-gazda.pl\/skoda\/wp-json\/wp\/v2\/pages"}],"about":[{"href":"https:\/\/www.auto-gazda.pl\/skoda\/wp-json\/wp\/v2\/types\/page"}],"author":[{"embeddable":true,"href":"https:\/\/www.auto-gazda.pl\/skoda\/wp-json\/wp\/v2\/users\/3"}],"replies":[{"embeddable":true,"href":"https:\/\/www.auto-gazda.pl\/skoda\/wp-json\/wp\/v2\/comments?post=674"}],"version-history":[{"count":0,"href":"https:\/\/www.auto-gazda.pl\/skoda\/wp-json\/wp\/v2\/pages\/674\/revisions"}],"up":[{"embeddable":true,"href":"https:\/\/www.auto-gazda.pl\/skoda\/wp-json\/wp\/v2\/pages\/522"}],"wp:featuredmedia":[{"embeddable":true,"href":"https:\/\/www.auto-gazda.pl\/skoda\/wp-json\/wp\/v2\/media\/736"}],"wp:attachment":[{"href":"https:\/\/www.auto-gazda.pl\/skoda\/wp-json\/wp\/v2\/media?parent=674"}],"curies":[{"name":"wp","href":"https:\/\/api.w.org\/{rel}","templated":true}]}}