{"id":673,"date":"2022-11-08T11:07:29","date_gmt":"2022-11-08T10:07:29","guid":{"rendered":"https:\/\/www.auto-gazda.pl\/skoda\/?page_id=673"},"modified":"2023-02-09T10:26:28","modified_gmt":"2023-02-09T09:26:28","slug":"skoda-kamiq","status":"publish","type":"page","link":"https:\/\/www.auto-gazda.pl\/skoda\/lp\/skoda-kamiq\/","title":{"rendered":"Kamiq"},"content":{"rendered":"<h1 style=\"text-align: center;\">\u0160KODA KAMIQ<\/h1>\n<p style=\"text-align: center;\">\u0160koda Kamiq \u0142\u0105czy zalety SUV-a i samochodu miejskiego w charakterystycznym dla marki stylu. To auto idealne dla tych, kt\u00f3rzy tworz\u0105 w\u0142asne trendy, zamiast za nimi pod\u0105\u017ca\u0107.<\/p>\n<p>&nbsp;<\/p>\n","protected":false},"excerpt":{"rendered":"<p>\u0160KODA KAMIQ \u0160koda Kamiq \u0142\u0105czy zalety SUV-a i samochodu miejskiego w charakterystycznym dla marki stylu. To auto idealne dla tych, kt\u00f3rzy tworz\u0105 w\u0142asne trendy, zamiast za nimi pod\u0105\u017ca\u0107. &nbsp;<\/p>\n","protected":false},"author":3,"featured_media":726,"parent":522,"menu_order":11,"comment_status":"closed","ping_status":"closed","template":"","meta":{"_acf_changed":false,"footnotes":""},"class_list":["post-673","page","type-page","status-publish","has-post-thumbnail","hentry"],"acf":[],"_links":{"self":[{"href":"https:\/\/www.auto-gazda.pl\/skoda\/wp-json\/wp\/v2\/pages\/673","targetHints":{"allow":["GET"]}}],"collection":[{"href":"https:\/\/www.auto-gazda.pl\/skoda\/wp-json\/wp\/v2\/pages"}],"about":[{"href":"https:\/\/www.auto-gazda.pl\/skoda\/wp-json\/wp\/v2\/types\/page"}],"author":[{"embeddable":true,"href":"https:\/\/www.auto-gazda.pl\/skoda\/wp-json\/wp\/v2\/users\/3"}],"replies":[{"embeddable":true,"href":"https:\/\/www.auto-gazda.pl\/skoda\/wp-json\/wp\/v2\/comments?post=673"}],"version-history":[{"count":0,"href":"https:\/\/www.auto-gazda.pl\/skoda\/wp-json\/wp\/v2\/pages\/673\/revisions"}],"up":[{"embeddable":true,"href":"https:\/\/www.auto-gazda.pl\/skoda\/wp-json\/wp\/v2\/pages\/522"}],"wp:featuredmedia":[{"embeddable":true,"href":"https:\/\/www.auto-gazda.pl\/skoda\/wp-json\/wp\/v2\/media\/726"}],"wp:attachment":[{"href":"https:\/\/www.auto-gazda.pl\/skoda\/wp-json\/wp\/v2\/media?parent=673"}],"curies":[{"name":"wp","href":"https:\/\/api.w.org\/{rel}","templated":true}]}}