{"id":672,"date":"2022-11-08T11:07:01","date_gmt":"2022-11-08T10:07:01","guid":{"rendered":"https:\/\/www.auto-gazda.pl\/skoda\/?page_id=672"},"modified":"2026-04-09T12:42:01","modified_gmt":"2026-04-09T10:42:01","slug":"skoda-superb","status":"publish","type":"page","link":"https:\/\/www.auto-gazda.pl\/skoda\/skoda-superb\/","title":{"rendered":"Superb"},"content":{"rendered":"<h1 style=\"text-align: center;\">\u0160KODA SUPERB<\/h1>\n<p style=\"text-align: center;\">Nowy model \u0160koda Superb zosta\u0142 poddany drobnym zmianom, aby sta\u0107 si\u0119 naprawd\u0119 perfekcyjnym.<\/p>\n<p style=\"text-align: center;\">Efektem modyfikacji jest kultowy samoch\u00f3d z dynamizmem i wdzi\u0119kiem.<\/p>\n","protected":false},"excerpt":{"rendered":"<p>\u0160KODA SUPERB Nowy model \u0160koda Superb zosta\u0142 poddany drobnym zmianom, aby sta\u0107 si\u0119 naprawd\u0119 perfekcyjnym. Efektem modyfikacji jest kultowy samoch\u00f3d z dynamizmem i wdzi\u0119kiem.<\/p>\n","protected":false},"author":3,"featured_media":2092,"parent":0,"menu_order":20,"comment_status":"closed","ping_status":"closed","template":"","meta":{"_acf_changed":false,"footnotes":""},"class_list":["post-672","page","type-page","status-publish","has-post-thumbnail","hentry"],"acf":[],"_links":{"self":[{"href":"https:\/\/www.auto-gazda.pl\/skoda\/wp-json\/wp\/v2\/pages\/672","targetHints":{"allow":["GET"]}}],"collection":[{"href":"https:\/\/www.auto-gazda.pl\/skoda\/wp-json\/wp\/v2\/pages"}],"about":[{"href":"https:\/\/www.auto-gazda.pl\/skoda\/wp-json\/wp\/v2\/types\/page"}],"author":[{"embeddable":true,"href":"https:\/\/www.auto-gazda.pl\/skoda\/wp-json\/wp\/v2\/users\/3"}],"replies":[{"embeddable":true,"href":"https:\/\/www.auto-gazda.pl\/skoda\/wp-json\/wp\/v2\/comments?post=672"}],"version-history":[{"count":0,"href":"https:\/\/www.auto-gazda.pl\/skoda\/wp-json\/wp\/v2\/pages\/672\/revisions"}],"wp:featuredmedia":[{"embeddable":true,"href":"https:\/\/www.auto-gazda.pl\/skoda\/wp-json\/wp\/v2\/media\/2092"}],"wp:attachment":[{"href":"https:\/\/www.auto-gazda.pl\/skoda\/wp-json\/wp\/v2\/media?parent=672"}],"curies":[{"name":"wp","href":"https:\/\/api.w.org\/{rel}","templated":true}]}}