{"id":671,"date":"2022-11-08T11:06:29","date_gmt":"2022-11-08T10:06:29","guid":{"rendered":"https:\/\/www.auto-gazda.pl\/skoda\/?page_id=671"},"modified":"2026-03-23T13:01:30","modified_gmt":"2026-03-23T12:01:30","slug":"skoda-octavia","status":"publish","type":"page","link":"https:\/\/www.auto-gazda.pl\/skoda\/lp\/skoda-octavia\/","title":{"rendered":"Octavia"},"content":{"rendered":"<h1 style=\"text-align: center;\">\u0160KODA OCTAVIA<\/h1>\n<p style=\"text-align: center;\">Pe\u0142en wdzi\u0119ku, wyrazisty i ponadczasowy design. Emanuje pewno\u015bci\u0105 siebie, ponadczasowo\u015bci\u0105 i wysok\u0105 jako\u015bci\u0105.<br \/>\n<strong><span class=\"ng-tns-c3-0 ng-trigger ng-trigger-fade\">Teraz \u0160koda Octavia dost\u0119pna w wersji specjalnej Drive Selection<\/span><\/strong><\/p>\n<p>&nbsp;<\/p>\n<div class=\"cars-bottom ng-tns-c3-0\">\n<div class=\"row justify-content-center ng-tns-c3-0\">\n<div class=\"col-6 col-lg-4 me-lg-5 ng-tns-c3-0\"><\/div>\n<\/div>\n<div class=\"row justify-content-center ng-tns-c3-0\">\n<div class=\"col-6 col-lg-4 ng-tns-c3-0\">\n<div class=\"row ng-tns-c3-0\">\n<div class=\"col-12 ng-tns-c3-0\"><\/div>\n<\/div>\n<div class=\"cars-bottom ng-tns-c3-0\">\n<div class=\"row justify-content-center ng-tns-c3-0\">\n<div class=\"col-6 col-lg-4 me-lg-5 ng-tns-c3-0\">\n<p class=\"ng-tns-c3-0\" style=\"text-align: center;\">Ju\u017c od<br class=\"ng-tns-c3-0\" \/><span class=\"price fade-text ng-tns-c3-0 ng-trigger ng-trigger-fade\">834 z\u0142<\/span><br class=\"ng-tns-c3-0\" \/>brutto \/ mies.<br class=\"d-none d-md-block ng-tns-c3-0\" \/>(RRSO: 6,61%)\u00a0w ofercie<br class=\"ng-tns-c3-0\" \/><span class=\"md text-capitalize font-bold ng-tns-c3-0\">Kredyt niskich rat<\/span><\/p>\n<\/div>\n<div class=\"col-6 col-lg-4 ng-tns-c3-0\">\n<p class=\"ng-tns-c3-0\" style=\"text-align: center;\">Ju\u017c od<br class=\"ng-tns-c3-0\" \/><span class=\"price fade-text ng-tns-c3-0 ng-trigger ng-trigger-fade\">784 z\u0142<\/span><br class=\"ng-tns-c3-0\" \/>netto \/ mies.<br class=\"ng-tns-c3-0\" \/>w ofercie dla przedsi\u0119biorc\u00f3w<br class=\"ng-tns-c3-0\" \/><span class=\"md font-bold ng-tns-c3-0\">Leasing Niskich Rat<\/span><\/p>\n<\/div>\n<\/div>\n<\/div>\n<\/div>\n<\/div>\n<\/div>\n","protected":false},"excerpt":{"rendered":"<p>\u0160KODA OCTAVIA Pe\u0142en wdzi\u0119ku, wyrazisty i ponadczasowy design. Emanuje pewno\u015bci\u0105 siebie, ponadczasowo\u015bci\u0105 i wysok\u0105 jako\u015bci\u0105. Teraz \u0160koda Octavia dost\u0119pna w wersji specjalnej Drive Selection &nbsp; Ju\u017c od834 z\u0142brutto \/ mies.(RRSO: 6,61%)\u00a0w ofercieKredyt niskich rat Ju\u017c od784 z\u0142netto \/ mies.w ofercie dla przedsi\u0119biorc\u00f3wLeasing Niskich Rat<\/p>\n","protected":false},"author":3,"featured_media":691,"parent":522,"menu_order":17,"comment_status":"closed","ping_status":"closed","template":"","meta":{"_acf_changed":false,"footnotes":""},"class_list":["post-671","page","type-page","status-publish","has-post-thumbnail","hentry"],"acf":[],"_links":{"self":[{"href":"https:\/\/www.auto-gazda.pl\/skoda\/wp-json\/wp\/v2\/pages\/671","targetHints":{"allow":["GET"]}}],"collection":[{"href":"https:\/\/www.auto-gazda.pl\/skoda\/wp-json\/wp\/v2\/pages"}],"about":[{"href":"https:\/\/www.auto-gazda.pl\/skoda\/wp-json\/wp\/v2\/types\/page"}],"author":[{"embeddable":true,"href":"https:\/\/www.auto-gazda.pl\/skoda\/wp-json\/wp\/v2\/users\/3"}],"replies":[{"embeddable":true,"href":"https:\/\/www.auto-gazda.pl\/skoda\/wp-json\/wp\/v2\/comments?post=671"}],"version-history":[{"count":0,"href":"https:\/\/www.auto-gazda.pl\/skoda\/wp-json\/wp\/v2\/pages\/671\/revisions"}],"up":[{"embeddable":true,"href":"https:\/\/www.auto-gazda.pl\/skoda\/wp-json\/wp\/v2\/pages\/522"}],"wp:featuredmedia":[{"embeddable":true,"href":"https:\/\/www.auto-gazda.pl\/skoda\/wp-json\/wp\/v2\/media\/691"}],"wp:attachment":[{"href":"https:\/\/www.auto-gazda.pl\/skoda\/wp-json\/wp\/v2\/media?parent=671"}],"curies":[{"name":"wp","href":"https:\/\/api.w.org\/{rel}","templated":true}]}}