{"id":1980,"date":"2025-08-25T11:49:06","date_gmt":"2025-08-25T09:49:06","guid":{"rendered":"https:\/\/www.auto-gazda.pl\/skoda\/?page_id=1980"},"modified":"2025-09-02T12:01:34","modified_gmt":"2025-09-02T10:01:34","slug":"skoda-dla-pgg","status":"publish","type":"page","link":"https:\/\/www.auto-gazda.pl\/skoda\/lp\/skoda-dla-pgg\/","title":{"rendered":"Skoda dla PGG"},"content":{"rendered":"<h2><strong>Pracujesz w Polskiej Grupie G\u00f3rniczej?<br \/>\nTa oferta jest dla Ciebie!<\/strong><\/h2>\n<p>Z przyjemno\u015bci\u0105 informujemy, \u017ce nasza firma <strong>\u0160koda Auto-Gazda przygotowa\u0142a dedykowan\u0105 ofert\u0119 rabatow\u0105 dla uczestnik\u00f3w programu PGG Family.<\/strong> Skontaktuj si\u0119 z nami, aby sprawdzi\u0107, kt\u00f3re modele obj\u0119te s\u0105 promocj\u0105!<\/p>\n<p><strong>\u00a0<\/strong><\/p>\n<p><strong>W ramach oferty otrzymasz:<\/strong><\/p>\n<ul>\n<li><strong>\u2705 Preferencyjne ceny na wybrane modele \u0160kody<\/strong><\/li>\n<li><strong>\u2705 Priorytetow\u0105 obs\u0142ug\u0119 i wsparcie dedykowanego doradcy<\/strong><\/li>\n<li><strong>\u2705 Pakiety serwisowe i ubezpieczeniowe na atrakcyjnych warunkach<\/strong><\/li>\n<\/ul>\n","protected":false},"excerpt":{"rendered":"<p>Pracujesz w Polskiej Grupie G\u00f3rniczej? Ta oferta jest dla Ciebie! Z przyjemno\u015bci\u0105 informujemy, \u017ce nasza firma \u0160koda Auto-Gazda przygotowa\u0142a dedykowan\u0105 ofert\u0119 rabatow\u0105 dla uczestnik\u00f3w programu PGG Family. Skontaktuj si\u0119 z nami, aby sprawdzi\u0107, kt\u00f3re modele obj\u0119te s\u0105 promocj\u0105! \u00a0 W ramach oferty otrzymasz: \u2705 Preferencyjne ceny na wybrane modele \u0160kody \u2705 Priorytetow\u0105 obs\u0142ug\u0119 i wsparcie [&hellip;]<\/p>\n","protected":false},"author":79,"featured_media":0,"parent":522,"menu_order":15,"comment_status":"closed","ping_status":"closed","template":"","meta":{"_acf_changed":false,"footnotes":""},"class_list":["post-1980","page","type-page","status-publish","hentry"],"acf":[],"_links":{"self":[{"href":"https:\/\/www.auto-gazda.pl\/skoda\/wp-json\/wp\/v2\/pages\/1980","targetHints":{"allow":["GET"]}}],"collection":[{"href":"https:\/\/www.auto-gazda.pl\/skoda\/wp-json\/wp\/v2\/pages"}],"about":[{"href":"https:\/\/www.auto-gazda.pl\/skoda\/wp-json\/wp\/v2\/types\/page"}],"author":[{"embeddable":true,"href":"https:\/\/www.auto-gazda.pl\/skoda\/wp-json\/wp\/v2\/users\/79"}],"replies":[{"embeddable":true,"href":"https:\/\/www.auto-gazda.pl\/skoda\/wp-json\/wp\/v2\/comments?post=1980"}],"version-history":[{"count":0,"href":"https:\/\/www.auto-gazda.pl\/skoda\/wp-json\/wp\/v2\/pages\/1980\/revisions"}],"up":[{"embeddable":true,"href":"https:\/\/www.auto-gazda.pl\/skoda\/wp-json\/wp\/v2\/pages\/522"}],"wp:attachment":[{"href":"https:\/\/www.auto-gazda.pl\/skoda\/wp-json\/wp\/v2\/media?parent=1980"}],"curies":[{"name":"wp","href":"https:\/\/api.w.org\/{rel}","templated":true}]}}