{"id":616,"date":"2022-09-28T14:10:57","date_gmt":"2022-09-28T12:10:57","guid":{"rendered":"https:\/\/www.auto-gazda.pl\/ds-automobiles\/?page_id=616"},"modified":"2024-07-16T11:43:14","modified_gmt":"2024-07-16T09:43:14","slug":"ds-7-crossback","status":"publish","type":"page","link":"https:\/\/www.auto-gazda.pl\/ds-automobiles\/lp\/ds-7-crossback\/","title":{"rendered":"DS 7 CROSSBACK"},"content":{"rendered":"<div id=\"serie\">\n<h1 class=\"h2 dsTypo2\" style=\"text-align: center;\"><strong>DS 7 CROSSBACK<\/strong><\/h1>\n<\/div>\n<h3 class=\"h3 \" style=\"text-align: center;\">Doskona\u0142o\u015b\u0107 zrodzona z odwagi.<\/h3>\n","protected":false},"excerpt":{"rendered":"<p>DS 7 CROSSBACK Doskona\u0142o\u015b\u0107 zrodzona z odwagi.<\/p>\n","protected":false},"author":3,"featured_media":615,"parent":519,"menu_order":8,"comment_status":"closed","ping_status":"closed","template":"","meta":{"_acf_changed":false,"footnotes":""},"class_list":["post-616","page","type-page","status-publish","has-post-thumbnail","hentry"],"acf":[],"_links":{"self":[{"href":"https:\/\/www.auto-gazda.pl\/ds-automobiles\/wp-json\/wp\/v2\/pages\/616","targetHints":{"allow":["GET"]}}],"collection":[{"href":"https:\/\/www.auto-gazda.pl\/ds-automobiles\/wp-json\/wp\/v2\/pages"}],"about":[{"href":"https:\/\/www.auto-gazda.pl\/ds-automobiles\/wp-json\/wp\/v2\/types\/page"}],"author":[{"embeddable":true,"href":"https:\/\/www.auto-gazda.pl\/ds-automobiles\/wp-json\/wp\/v2\/users\/3"}],"replies":[{"embeddable":true,"href":"https:\/\/www.auto-gazda.pl\/ds-automobiles\/wp-json\/wp\/v2\/comments?post=616"}],"version-history":[{"count":0,"href":"https:\/\/www.auto-gazda.pl\/ds-automobiles\/wp-json\/wp\/v2\/pages\/616\/revisions"}],"up":[{"embeddable":true,"href":"https:\/\/www.auto-gazda.pl\/ds-automobiles\/wp-json\/wp\/v2\/pages\/519"}],"wp:featuredmedia":[{"embeddable":true,"href":"https:\/\/www.auto-gazda.pl\/ds-automobiles\/wp-json\/wp\/v2\/media\/615"}],"wp:attachment":[{"href":"https:\/\/www.auto-gazda.pl\/ds-automobiles\/wp-json\/wp\/v2\/media?parent=616"}],"curies":[{"name":"wp","href":"https:\/\/api.w.org\/{rel}","templated":true}]}}