{"id":518,"date":"2022-08-28T18:07:27","date_gmt":"2022-08-28T16:07:27","guid":{"rendered":"https:\/\/www.auto-gazda.pl\/citroen\/?page_id=345"},"modified":"2024-07-15T13:46:52","modified_gmt":"2024-07-15T11:46:52","slug":"zespol","status":"publish","type":"page","link":"https:\/\/www.auto-gazda.pl\/ds-automobiles\/zespol\/","title":{"rendered":"Zesp\u00f3\u0142"},"content":{"rendered":"","protected":false},"excerpt":{"rendered":"<p>Nasz zesp\u00f3\u0142 tworz\u0105 niesamowici ludzie. Pasjonaci z ogromnym do\u015bwiadczeniem w bran\u017cy motoryzacyjnej, ci\u0105gle doskonal\u0105cy swoje umiej\u0119tno\u015bci.<\/p>\n","protected":false},"author":1,"featured_media":0,"parent":0,"menu_order":14,"comment_status":"closed","ping_status":"closed","template":"page-team.php","meta":{"_acf_changed":false,"footnotes":""},"class_list":["post-518","page","type-page","status-publish","hentry"],"acf":[],"_links":{"self":[{"href":"https:\/\/www.auto-gazda.pl\/ds-automobiles\/wp-json\/wp\/v2\/pages\/518","targetHints":{"allow":["GET"]}}],"collection":[{"href":"https:\/\/www.auto-gazda.pl\/ds-automobiles\/wp-json\/wp\/v2\/pages"}],"about":[{"href":"https:\/\/www.auto-gazda.pl\/ds-automobiles\/wp-json\/wp\/v2\/types\/page"}],"author":[{"embeddable":true,"href":"https:\/\/www.auto-gazda.pl\/ds-automobiles\/wp-json\/wp\/v2\/users\/1"}],"replies":[{"embeddable":true,"href":"https:\/\/www.auto-gazda.pl\/ds-automobiles\/wp-json\/wp\/v2\/comments?post=518"}],"version-history":[{"count":0,"href":"https:\/\/www.auto-gazda.pl\/ds-automobiles\/wp-json\/wp\/v2\/pages\/518\/revisions"}],"wp:attachment":[{"href":"https:\/\/www.auto-gazda.pl\/ds-automobiles\/wp-json\/wp\/v2\/media?parent=518"}],"curies":[{"name":"wp","href":"https:\/\/api.w.org\/{rel}","templated":true}]}}