{"id":7695,"date":"2024-11-14T12:07:33","date_gmt":"2024-11-14T11:07:33","guid":{"rendered":"https:\/\/www.auto-gazda.pl\/citroen\/?page_id=7695"},"modified":"2026-03-13T13:53:01","modified_gmt":"2026-03-13T12:53:01","slug":"nowy-citroen-c3-aircross","status":"publish","type":"page","link":"https:\/\/www.auto-gazda.pl\/citroen\/lp\/nowy-citroen-c3-aircross\/","title":{"rendered":"Nowy Citro\u00ebn C3 Aircross"},"content":{"rendered":"<div class=\"ht-headline-row \">\n<h2 class=\"ht-subhead flex-item\" style=\"text-align: center;\">Ju\u017c dost\u0119pny!<\/h2>\n<\/div>\n<h2 style=\"text-align: center;\">Wy\u015blij formularz kontaktowy<\/h2>\n","protected":false},"excerpt":{"rendered":"<p>Ju\u017c dost\u0119pny! Wy\u015blij formularz kontaktowy<\/p>\n","protected":false},"author":58,"featured_media":0,"parent":358,"menu_order":10,"comment_status":"closed","ping_status":"closed","template":"","meta":{"_acf_changed":false,"footnotes":""},"class_list":["post-7695","page","type-page","status-publish","hentry"],"acf":[],"_links":{"self":[{"href":"https:\/\/www.auto-gazda.pl\/citroen\/wp-json\/wp\/v2\/pages\/7695","targetHints":{"allow":["GET"]}}],"collection":[{"href":"https:\/\/www.auto-gazda.pl\/citroen\/wp-json\/wp\/v2\/pages"}],"about":[{"href":"https:\/\/www.auto-gazda.pl\/citroen\/wp-json\/wp\/v2\/types\/page"}],"author":[{"embeddable":true,"href":"https:\/\/www.auto-gazda.pl\/citroen\/wp-json\/wp\/v2\/users\/58"}],"replies":[{"embeddable":true,"href":"https:\/\/www.auto-gazda.pl\/citroen\/wp-json\/wp\/v2\/comments?post=7695"}],"version-history":[{"count":0,"href":"https:\/\/www.auto-gazda.pl\/citroen\/wp-json\/wp\/v2\/pages\/7695\/revisions"}],"up":[{"embeddable":true,"href":"https:\/\/www.auto-gazda.pl\/citroen\/wp-json\/wp\/v2\/pages\/358"}],"wp:attachment":[{"href":"https:\/\/www.auto-gazda.pl\/citroen\/wp-json\/wp\/v2\/media?parent=7695"}],"curies":[{"name":"wp","href":"https:\/\/api.w.org\/{rel}","templated":true}]}}