{"id":567,"date":"2022-10-13T09:56:40","date_gmt":"2022-10-13T07:56:40","guid":{"rendered":"https:\/\/www.auto-gazda.pl\/citroen\/?page_id=567"},"modified":"2025-09-09T12:56:39","modified_gmt":"2025-09-09T10:56:39","slug":"citroen-c5-aircross","status":"publish","type":"page","link":"https:\/\/www.auto-gazda.pl\/citroen\/lp\/citroen-c5-aircross\/","title":{"rendered":"CITRO\u00cbN C5 Aircross i CITRO\u00cbN C5 Aircross Hybrid"},"content":{"rendered":"<p style=\"text-align: center;\">Poznaj SUV-a Citro\u00ebn C5 Aircross, samoch\u00f3d klasy komfort, kt\u00f3ry \u0142\u0105czy atrakcyjny styl, komfort i przestronno\u015b\u0107 z nowoczesnymi technologiami komunikacyjnymi.<\/p>\n<p>&nbsp;<\/p>\n<h3 style=\"text-align: center;\">Zapytaj o dost\u0119pne modele<\/h3>\n<h3 style=\"text-align: center;\">Wy\u015blij formularz kontaktowy<\/h3>\n","protected":false},"excerpt":{"rendered":"<p>Poznaj SUV-a Citro\u00ebn C5 Aircross, samoch\u00f3d klasy komfort, kt\u00f3ry \u0142\u0105czy atrakcyjny styl, komfort i przestronno\u015b\u0107 z nowoczesnymi technologiami komunikacyjnymi. &nbsp; Zapytaj o dost\u0119pne modele Wy\u015blij formularz kontaktowy<\/p>\n","protected":false},"author":3,"featured_media":861,"parent":358,"menu_order":19,"comment_status":"closed","ping_status":"closed","template":"","meta":{"_acf_changed":false,"footnotes":""},"class_list":["post-567","page","type-page","status-publish","has-post-thumbnail","hentry"],"acf":[],"_links":{"self":[{"href":"https:\/\/www.auto-gazda.pl\/citroen\/wp-json\/wp\/v2\/pages\/567","targetHints":{"allow":["GET"]}}],"collection":[{"href":"https:\/\/www.auto-gazda.pl\/citroen\/wp-json\/wp\/v2\/pages"}],"about":[{"href":"https:\/\/www.auto-gazda.pl\/citroen\/wp-json\/wp\/v2\/types\/page"}],"author":[{"embeddable":true,"href":"https:\/\/www.auto-gazda.pl\/citroen\/wp-json\/wp\/v2\/users\/3"}],"replies":[{"embeddable":true,"href":"https:\/\/www.auto-gazda.pl\/citroen\/wp-json\/wp\/v2\/comments?post=567"}],"version-history":[{"count":0,"href":"https:\/\/www.auto-gazda.pl\/citroen\/wp-json\/wp\/v2\/pages\/567\/revisions"}],"up":[{"embeddable":true,"href":"https:\/\/www.auto-gazda.pl\/citroen\/wp-json\/wp\/v2\/pages\/358"}],"wp:featuredmedia":[{"embeddable":true,"href":"https:\/\/www.auto-gazda.pl\/citroen\/wp-json\/wp\/v2\/media\/861"}],"wp:attachment":[{"href":"https:\/\/www.auto-gazda.pl\/citroen\/wp-json\/wp\/v2\/media?parent=567"}],"curies":[{"name":"wp","href":"https:\/\/api.w.org\/{rel}","templated":true}]}}