{"id":1075,"date":"2022-11-02T13:35:02","date_gmt":"2022-11-02T12:35:02","guid":{"rendered":"https:\/\/www.auto-gazda.pl\/citroen\/?page_id=1075"},"modified":"2025-12-03T13:26:52","modified_gmt":"2025-12-03T12:26:52","slug":"citroen-berlingo-van-van-electric","status":"publish","type":"page","link":"https:\/\/www.auto-gazda.pl\/citroen\/lp\/citroen-berlingo-van-van-electric\/","title":{"rendered":"Citro\u00ebn Berlingo Van \/ Van Electric"},"content":{"rendered":"<p style=\"text-align: center;\">Citroen oferuje szerok\u0105 gam\u0119 samochod\u00f3w u\u017cytkowych spo\u015br\u00f3d kt\u00f3rych mo\u017cesz wybra\u0107 samoch\u00f3d dostawczy. Odkryj <strong>nowego \u00eb-Berlingo i Berlingo VAN<\/strong>, kt\u00f3re oferuj\u0105 nowy zoptymalizowany komfort, \u0142\u0105czno\u015b\u0107, technologie wspomagaj\u0105ce prowadzenie oraz mo\u017cliwo\u015b\u0107 wyboru rodzaju nap\u0119du.<\/p>\n","protected":false},"excerpt":{"rendered":"<p>Citroen oferuje szerok\u0105 gam\u0119 samochod\u00f3w u\u017cytkowych spo\u015br\u00f3d kt\u00f3rych mo\u017cesz wybra\u0107 samoch\u00f3d dostawczy. Odkryj nowego \u00eb-Berlingo i Berlingo VAN, kt\u00f3re oferuj\u0105 nowy zoptymalizowany komfort, \u0142\u0105czno\u015b\u0107, technologie wspomagaj\u0105ce prowadzenie oraz mo\u017cliwo\u015b\u0107 wyboru rodzaju nap\u0119du.<\/p>\n","protected":false},"author":3,"featured_media":6528,"parent":358,"menu_order":20,"comment_status":"closed","ping_status":"closed","template":"","meta":{"_acf_changed":false,"footnotes":""},"class_list":["post-1075","page","type-page","status-publish","has-post-thumbnail","hentry"],"acf":[],"_links":{"self":[{"href":"https:\/\/www.auto-gazda.pl\/citroen\/wp-json\/wp\/v2\/pages\/1075","targetHints":{"allow":["GET"]}}],"collection":[{"href":"https:\/\/www.auto-gazda.pl\/citroen\/wp-json\/wp\/v2\/pages"}],"about":[{"href":"https:\/\/www.auto-gazda.pl\/citroen\/wp-json\/wp\/v2\/types\/page"}],"author":[{"embeddable":true,"href":"https:\/\/www.auto-gazda.pl\/citroen\/wp-json\/wp\/v2\/users\/3"}],"replies":[{"embeddable":true,"href":"https:\/\/www.auto-gazda.pl\/citroen\/wp-json\/wp\/v2\/comments?post=1075"}],"version-history":[{"count":0,"href":"https:\/\/www.auto-gazda.pl\/citroen\/wp-json\/wp\/v2\/pages\/1075\/revisions"}],"up":[{"embeddable":true,"href":"https:\/\/www.auto-gazda.pl\/citroen\/wp-json\/wp\/v2\/pages\/358"}],"wp:featuredmedia":[{"embeddable":true,"href":"https:\/\/www.auto-gazda.pl\/citroen\/wp-json\/wp\/v2\/media\/6528"}],"wp:attachment":[{"href":"https:\/\/www.auto-gazda.pl\/citroen\/wp-json\/wp\/v2\/media?parent=1075"}],"curies":[{"name":"wp","href":"https:\/\/api.w.org\/{rel}","templated":true}]}}